{"id":397,"date":"2019-12-02T17:42:57","date_gmt":"2019-12-02T16:42:57","guid":{"rendered":"http:\/\/escaim.com\/?page_id=397"},"modified":"2019-12-02T17:42:57","modified_gmt":"2019-12-02T16:42:57","slug":"responsabilite-sociale-et-environnementale","status":"publish","type":"page","link":"https:\/\/escaim.com\/index.php\/valeurs-et-principes-daction\/responsabilite-sociale-et-environnementale\/","title":{"rendered":"Responsabilit\u00e9 sociale et environnementale"},"content":{"rendered":"\n<figure class=\"wp-block-image size-large is-resized\"><img loading=\"lazy\" src=\"http:\/\/escaim.com\/wp-content\/uploads\/2019\/11\/CSR.jpg\" alt=\"\" class=\"wp-image-343\" width=\"483\" height=\"483\" srcset=\"https:\/\/escaim.com\/wp-content\/uploads\/2019\/11\/CSR.jpg 899w, https:\/\/escaim.com\/wp-content\/uploads\/2019\/11\/CSR-300x300.jpg 300w, https:\/\/escaim.com\/wp-content\/uploads\/2019\/11\/CSR-150x150.jpg 150w, https:\/\/escaim.com\/wp-content\/uploads\/2019\/11\/CSR-768x769.jpg 768w\" sizes=\"(max-width: 483px) 100vw, 483px\" \/><\/figure>\n\n\n\n<p>Escaim Consulting, jeune pousse, s&rsquo;engage \u00e0:<\/p>\n\n\n\n<p>1- Tendre vers le 0 papier;<\/p>\n\n\n\n<p>2- Privil\u00e9gier les modes doux de d\u00e9placement dans la r\u00e9alisation de ses missions;<\/p>\n\n\n\n<p>3- Favoriser des fournisseurs \u00e9co-responsables;<\/p>\n\n\n\n<p>4- Une fois par an, r\u00e9aliser directement une action solidaire ou soutenir une association favorisant l&rsquo;insertion sociale.<\/p>\n\n\n\n<p>Ecrire des engagements simples et r\u00e9alistes est le premier pas dans la voie que souhaite suivre Escaim Consulting.<\/p>\n","protected":false},"excerpt":{"rendered":"<p>Escaim Consulting, jeune pousse, s&rsquo;engage \u00e0: 1- Tendre vers le 0 papier; 2- Privil\u00e9gier les modes doux de d\u00e9placement dans la r\u00e9alisation de ses missions; 3- Favoriser des fournisseurs \u00e9co-responsables; 4- Une fois par an, r\u00e9aliser directement une action solidaire ou soutenir une association favorisant l&rsquo;insertion sociale. Ecrire des engagements simples et r\u00e9alistes est le [&hellip;]<\/p>\n","protected":false},"author":1,"featured_media":0,"parent":2,"menu_order":0,"comment_status":"closed","ping_status":"closed","template":"","meta":[],"_links":{"self":[{"href":"https:\/\/escaim.com\/index.php\/wp-json\/wp\/v2\/pages\/397"}],"collection":[{"href":"https:\/\/escaim.com\/index.php\/wp-json\/wp\/v2\/pages"}],"about":[{"href":"https:\/\/escaim.com\/index.php\/wp-json\/wp\/v2\/types\/page"}],"author":[{"embeddable":true,"href":"https:\/\/escaim.com\/index.php\/wp-json\/wp\/v2\/users\/1"}],"replies":[{"embeddable":true,"href":"https:\/\/escaim.com\/index.php\/wp-json\/wp\/v2\/comments?post=397"}],"version-history":[{"count":1,"href":"https:\/\/escaim.com\/index.php\/wp-json\/wp\/v2\/pages\/397\/revisions"}],"predecessor-version":[{"id":398,"href":"https:\/\/escaim.com\/index.php\/wp-json\/wp\/v2\/pages\/397\/revisions\/398"}],"up":[{"embeddable":true,"href":"https:\/\/escaim.com\/index.php\/wp-json\/wp\/v2\/pages\/2"}],"wp:attachment":[{"href":"https:\/\/escaim.com\/index.php\/wp-json\/wp\/v2\/media?parent=397"}],"curies":[{"name":"wp","href":"https:\/\/api.w.org\/{rel}","templated":true}]}}