{"id":391,"date":"2019-12-02T17:15:39","date_gmt":"2019-12-02T16:15:39","guid":{"rendered":"http:\/\/escaim.com\/?page_id=391"},"modified":"2019-12-02T17:15:39","modified_gmt":"2019-12-02T16:15:39","slug":"ecoute","status":"publish","type":"page","link":"https:\/\/escaim.com\/index.php\/valeurs-et-principes-daction\/ecoute\/","title":{"rendered":"Ecoute"},"content":{"rendered":"\n<figure class=\"wp-block-image size-large\"><img loading=\"lazy\" width=\"847\" height=\"847\" src=\"http:\/\/escaim.com\/wp-content\/uploads\/2019\/12\/Ecoute.jpg\" alt=\"\" class=\"wp-image-364\" srcset=\"https:\/\/escaim.com\/wp-content\/uploads\/2019\/12\/Ecoute.jpg 847w, https:\/\/escaim.com\/wp-content\/uploads\/2019\/12\/Ecoute-300x300.jpg 300w, https:\/\/escaim.com\/wp-content\/uploads\/2019\/12\/Ecoute-150x150.jpg 150w, https:\/\/escaim.com\/wp-content\/uploads\/2019\/12\/Ecoute-768x768.jpg 768w\" sizes=\"(max-width: 847px) 100vw, 847px\" \/><\/figure>\n\n\n\n<p>L&rsquo;\u00e9coute est la base de l&rsquo;\u00e9change, Eskemm en breton. <\/p>\n\n\n\n<p>Toute mission d&rsquo;Escaim Consulting d\u00e9marre par un temps d&rsquo;\u00e9change et souvent un temps d&rsquo;audit. Qu&rsquo;est-ce que l&rsquo;audit si ce n&rsquo;est une \u00e9coute approfondie?<\/p>\n\n\n\n<p>Cet audit permet la construction d&rsquo;une mission sur mesure.<\/p>\n\n\n\n<p>Puis l&rsquo;\u00e9coute reprendra le pas dans le quotidien de la mission en respectant l&rsquo;esprit d&rsquo;\u00e9quipe cher \u00e0 Escaim Consulting.<\/p>\n","protected":false},"excerpt":{"rendered":"<p>L&rsquo;\u00e9coute est la base de l&rsquo;\u00e9change, Eskemm en breton. Toute mission d&rsquo;Escaim Consulting d\u00e9marre par un temps d&rsquo;\u00e9change et souvent un temps d&rsquo;audit. Qu&rsquo;est-ce que l&rsquo;audit si ce n&rsquo;est une \u00e9coute approfondie? Cet audit permet la construction d&rsquo;une mission sur mesure. Puis l&rsquo;\u00e9coute reprendra le pas dans le quotidien de la mission en respectant l&rsquo;esprit [&hellip;]<\/p>\n","protected":false},"author":1,"featured_media":0,"parent":2,"menu_order":0,"comment_status":"closed","ping_status":"closed","template":"","meta":[],"_links":{"self":[{"href":"https:\/\/escaim.com\/index.php\/wp-json\/wp\/v2\/pages\/391"}],"collection":[{"href":"https:\/\/escaim.com\/index.php\/wp-json\/wp\/v2\/pages"}],"about":[{"href":"https:\/\/escaim.com\/index.php\/wp-json\/wp\/v2\/types\/page"}],"author":[{"embeddable":true,"href":"https:\/\/escaim.com\/index.php\/wp-json\/wp\/v2\/users\/1"}],"replies":[{"embeddable":true,"href":"https:\/\/escaim.com\/index.php\/wp-json\/wp\/v2\/comments?post=391"}],"version-history":[{"count":1,"href":"https:\/\/escaim.com\/index.php\/wp-json\/wp\/v2\/pages\/391\/revisions"}],"predecessor-version":[{"id":392,"href":"https:\/\/escaim.com\/index.php\/wp-json\/wp\/v2\/pages\/391\/revisions\/392"}],"up":[{"embeddable":true,"href":"https:\/\/escaim.com\/index.php\/wp-json\/wp\/v2\/pages\/2"}],"wp:attachment":[{"href":"https:\/\/escaim.com\/index.php\/wp-json\/wp\/v2\/media?parent=391"}],"curies":[{"name":"wp","href":"https:\/\/api.w.org\/{rel}","templated":true}]}}