{"id":365,"date":"2019-12-02T16:16:07","date_gmt":"2019-12-02T15:16:07","guid":{"rendered":"http:\/\/escaim.com\/?page_id=365"},"modified":"2019-12-02T16:17:30","modified_gmt":"2019-12-02T15:17:30","slug":"transparence","status":"publish","type":"page","link":"https:\/\/escaim.com\/index.php\/valeurs-et-principes-daction\/transparence\/","title":{"rendered":"Transparence"},"content":{"rendered":"\n<figure class=\"wp-block-image size-large\"><img loading=\"lazy\" width=\"1024\" height=\"683\" src=\"http:\/\/escaim.com\/wp-content\/uploads\/2019\/12\/running-man-1149787_1280-1024x683.jpg\" alt=\"\" class=\"wp-image-366\" srcset=\"https:\/\/escaim.com\/wp-content\/uploads\/2019\/12\/running-man-1149787_1280-1024x683.jpg 1024w, https:\/\/escaim.com\/wp-content\/uploads\/2019\/12\/running-man-1149787_1280-300x200.jpg 300w, https:\/\/escaim.com\/wp-content\/uploads\/2019\/12\/running-man-1149787_1280-768x512.jpg 768w, https:\/\/escaim.com\/wp-content\/uploads\/2019\/12\/running-man-1149787_1280.jpg 1280w\" sizes=\"(max-width: 1024px) 100vw, 1024px\" \/><\/figure>\n\n\n\n<p>Escaim Consulting vous garantit la\ntransparence compl\u00e8te des missions r\u00e9alis\u00e9es au travers de&nbsp;:<\/p>\n\n\n\n<ul><li>Suivis d\u00e9taill\u00e9s d\u2019activit\u00e9\njustifiant des travaux r\u00e9alis\u00e9s quotidiennement&nbsp;;<\/li><li>D\u00e9briefing \u00e0 fr\u00e9quence\nconvenue sur les conclusions ressortant des travaux&nbsp;;<\/li><li>Facturation align\u00e9e sur\nces suivis partag\u00e9s.<\/li><\/ul>\n\n\n\n<p>Enfin, aucun travail compl\u00e9mentaire ne\nsaurait \u00eatre engag\u00e9 sans validation amont du donneur d\u2019ordre originel.<\/p>\n\n\n\n<p><\/p>\n","protected":false},"excerpt":{"rendered":"<p>Escaim Consulting vous garantit la transparence compl\u00e8te des missions r\u00e9alis\u00e9es au travers de&nbsp;: Suivis d\u00e9taill\u00e9s d\u2019activit\u00e9 justifiant des travaux r\u00e9alis\u00e9s quotidiennement&nbsp;; D\u00e9briefing \u00e0 fr\u00e9quence convenue sur les conclusions ressortant des travaux&nbsp;; Facturation align\u00e9e sur ces suivis partag\u00e9s. Enfin, aucun travail compl\u00e9mentaire ne saurait \u00eatre engag\u00e9 sans validation amont du donneur d\u2019ordre originel.<\/p>\n","protected":false},"author":1,"featured_media":0,"parent":2,"menu_order":0,"comment_status":"closed","ping_status":"closed","template":"","meta":[],"_links":{"self":[{"href":"https:\/\/escaim.com\/index.php\/wp-json\/wp\/v2\/pages\/365"}],"collection":[{"href":"https:\/\/escaim.com\/index.php\/wp-json\/wp\/v2\/pages"}],"about":[{"href":"https:\/\/escaim.com\/index.php\/wp-json\/wp\/v2\/types\/page"}],"author":[{"embeddable":true,"href":"https:\/\/escaim.com\/index.php\/wp-json\/wp\/v2\/users\/1"}],"replies":[{"embeddable":true,"href":"https:\/\/escaim.com\/index.php\/wp-json\/wp\/v2\/comments?post=365"}],"version-history":[{"count":1,"href":"https:\/\/escaim.com\/index.php\/wp-json\/wp\/v2\/pages\/365\/revisions"}],"predecessor-version":[{"id":368,"href":"https:\/\/escaim.com\/index.php\/wp-json\/wp\/v2\/pages\/365\/revisions\/368"}],"up":[{"embeddable":true,"href":"https:\/\/escaim.com\/index.php\/wp-json\/wp\/v2\/pages\/2"}],"wp:attachment":[{"href":"https:\/\/escaim.com\/index.php\/wp-json\/wp\/v2\/media?parent=365"}],"curies":[{"name":"wp","href":"https:\/\/api.w.org\/{rel}","templated":true}]}}