{"id":18,"date":"2019-11-08T10:11:01","date_gmt":"2019-11-08T09:11:01","guid":{"rendered":"http:\/\/escaim.com\/index.php\/about\/"},"modified":"2019-12-04T06:39:42","modified_gmt":"2019-12-04T05:39:42","slug":"about","status":"publish","type":"page","link":"https:\/\/escaim.com\/index.php\/about\/","title":{"rendered":"La petite histoire&#8230;"},"content":{"rendered":"\n<figure class=\"wp-block-image is-resized\"><img loading=\"lazy\" src=\"http:\/\/escaim.com\/wp-content\/uploads\/2019\/11\/IMG_4092-e1573813191489-1024x601.jpg\" alt=\"\" class=\"wp-image-167\" width=\"553\" height=\"324\" srcset=\"https:\/\/escaim.com\/wp-content\/uploads\/2019\/11\/IMG_4092-e1573813191489-1024x601.jpg 1024w, https:\/\/escaim.com\/wp-content\/uploads\/2019\/11\/IMG_4092-e1573813191489-300x176.jpg 300w, https:\/\/escaim.com\/wp-content\/uploads\/2019\/11\/IMG_4092-e1573813191489-768x451.jpg 768w\" sizes=\"(max-width: 553px) 100vw, 553px\" \/><\/figure>\n\n\n\n<h2>Escaim, prononcer  \u00ab\u00a0\u025bsk\u025bm\u00a0\u00bb<\/h2>\n\n\n\n<p><strong>Eskemm<\/strong> en Breton signifie l\u2019\u00e9change. Ce terme repr\u00e9sente \u00e0 la fois le moteur personnel qui anime le fondateur de la soci\u00e9t\u00e9 et en m\u00eame temps le principe d\u2019action central qui r\u00e9gira les missions et projets r\u00e9alis\u00e9s par <strong>Escaim Consulting<\/strong>.<\/p>\n\n\n\n<h2>Gen\u00e8se de la soci\u00e9t\u00e9<\/h2>\n\n\n\n<p><strong>Escaim Consulting<\/strong> a \u00e9t\u00e9 cr\u00e9\u00e9e suite au constat que de nombreuses PME et ETI ressentaient ponctuellement le besoin d\u2019\u00eatre accompagn\u00e9es par des profils de haut niveau et polyvalents lors de phases de croissance (interne ou externe) ou de mutations particuli\u00e8res li\u00e9es \u00e0 des projets structurants.<br> <\/p>\n\n\n\n<p>Mobiliser ces profils co\u00fbteux au travers de contrats de travail classiques n\u2019est pas optimum, quand bien m\u00eame ces contrats seraient de courte dur\u00e9e.<br><\/p>\n\n\n\n<p> En effet, la plupart des projets impliquant un changement important ne progressent pas de mani\u00e8re lin\u00e9aire et s\u2019\u00e9talent souvent dans le temps. Ces projets ne requi\u00e8rent donc pas de mobiliser le management de mani\u00e8re permanente et d\u2019en supporter le co\u00fbt en continu lorsqu&rsquo;ils sont en stand-by ou dans des phases de transition.<br> <\/p>\n\n\n\n<p>Par ailleurs, disposer de toute l\u2019attention manag\u00e9riale concentr\u00e9e sur de tels sujets est peu \u00e9vident pour la plupart des cadres dirigeants de PME et ETI, souvent mobilis\u00e9s par le quotidien des services qu\u2019ils animent ou par l\u2019\u00e9nergie consacr\u00e9e \u00e0 un nombre de projets d\u00e9j\u00e0 important.<br> <\/p>\n\n\n\n<p><strong>La meilleure r\u00e9ponse pour le portage de tels projets est alors d\u2019utiliser les services d\u2019Escaim Consulting.<\/strong><\/p>\n","protected":false},"excerpt":{"rendered":"<p>Escaim, prononcer \u00ab\u00a0\u025bsk\u025bm\u00a0\u00bb Eskemm en Breton signifie l\u2019\u00e9change. Ce terme repr\u00e9sente \u00e0 la fois le moteur personnel qui anime le fondateur de la soci\u00e9t\u00e9 et en m\u00eame temps le principe d\u2019action central qui r\u00e9gira les missions et projets r\u00e9alis\u00e9s par Escaim Consulting. Gen\u00e8se de la soci\u00e9t\u00e9 Escaim Consulting a \u00e9t\u00e9 cr\u00e9\u00e9e suite au constat que [&hellip;]<\/p>\n","protected":false},"author":1,"featured_media":0,"parent":0,"menu_order":0,"comment_status":"closed","ping_status":"closed","template":"","meta":[],"_links":{"self":[{"href":"https:\/\/escaim.com\/index.php\/wp-json\/wp\/v2\/pages\/18"}],"collection":[{"href":"https:\/\/escaim.com\/index.php\/wp-json\/wp\/v2\/pages"}],"about":[{"href":"https:\/\/escaim.com\/index.php\/wp-json\/wp\/v2\/types\/page"}],"author":[{"embeddable":true,"href":"https:\/\/escaim.com\/index.php\/wp-json\/wp\/v2\/users\/1"}],"replies":[{"embeddable":true,"href":"https:\/\/escaim.com\/index.php\/wp-json\/wp\/v2\/comments?post=18"}],"version-history":[{"count":11,"href":"https:\/\/escaim.com\/index.php\/wp-json\/wp\/v2\/pages\/18\/revisions"}],"predecessor-version":[{"id":411,"href":"https:\/\/escaim.com\/index.php\/wp-json\/wp\/v2\/pages\/18\/revisions\/411"}],"wp:attachment":[{"href":"https:\/\/escaim.com\/index.php\/wp-json\/wp\/v2\/media?parent=18"}],"curies":[{"name":"wp","href":"https:\/\/api.w.org\/{rel}","templated":true}]}}