{"id":178,"date":"2019-11-15T12:28:44","date_gmt":"2019-11-15T11:28:44","guid":{"rendered":"http:\/\/escaim.com\/?page_id=178"},"modified":"2019-12-02T11:56:34","modified_gmt":"2019-12-02T10:56:34","slug":"notre-grande-histoire","status":"publish","type":"page","link":"https:\/\/escaim.com\/index.php\/notre-grande-histoire\/","title":{"rendered":"Notre grande histoire"},"content":{"rendered":"\n<h2 id=\"besoin_client\">Votre besoin<\/h2>\n\n\n\n<p>Vous ne disposez pas des <a href=\"http:\/\/escaim.com\/index.php\/nos-competences-a-votre-service\/\"><strong>comp\u00e9tences<\/strong><\/a> pr\u00e9sentes chez Escaim Consulting et avez un projet majeur \u00e0 mener qu&rsquo;il soit financier, juridique ou de transformation?<\/p>\n\n\n\n<p>Vous disposez des comp\u00e9tences, mais pas de leur disponibilit\u00e9 pour avancer imm\u00e9diatement ou efficacement?<\/p>\n\n\n\n<p>Vous souhaitez un accompagnement respectant des <a href=\"http:\/\/escaim.com\/index.php\/valeurs-et-principes-daction\/\"><strong>principes d&rsquo;action et des valeurs<\/strong><\/a> qui f\u00e9d\u00e9reront vos \u00e9quipes?<\/p>\n\n\n\n<h2>Notre r\u00e9ponse<\/h2>\n\n\n\n<p>Escaim Consulting est fi\u00e8re de mettre ses comp\u00e9tences \u00e0 votre service si celles-ci correspondent pr\u00e9cis\u00e9ment \u00e0 vos besoins afin de garantir  l&rsquo;atteinte des objectifs assign\u00e9s.<\/p>\n\n\n\n<p>Les modalit\u00e9s d&rsquo;intervention sont ajust\u00e9es dans leur dur\u00e9e et dans l&rsquo;intensit\u00e9 des moyens engag\u00e9s pour r\u00e9pondre au mieux \u00e0 vos attentes.<\/p>\n\n\n\n<h2>Notre zone d&rsquo;intervention<\/h2>\n\n\n\n<p>Escaim Consulting est en capacit\u00e9 d&rsquo;intervenir partout en France ou \u00e0 l&rsquo;\u00e9tranger.<\/p>\n\n\n\n<h2>Le r\u00e9sultat attendu<\/h2>\n\n\n\n<figure class=\"wp-block-image size-large is-resized is-style-default\"><img loading=\"lazy\" src=\"http:\/\/escaim.com\/wp-content\/uploads\/2019\/11\/VITO2-ROLEX2017-SPIafond-682x1024.jpeg\" alt=\"\" class=\"wp-image-287\" width=\"445\" height=\"668\" srcset=\"https:\/\/escaim.com\/wp-content\/uploads\/2019\/11\/VITO2-ROLEX2017-SPIafond-682x1024.jpeg 682w, https:\/\/escaim.com\/wp-content\/uploads\/2019\/11\/VITO2-ROLEX2017-SPIafond-200x300.jpeg 200w, https:\/\/escaim.com\/wp-content\/uploads\/2019\/11\/VITO2-ROLEX2017-SPIafond-768x1152.jpeg 768w, https:\/\/escaim.com\/wp-content\/uploads\/2019\/11\/VITO2-ROLEX2017-SPIafond.jpeg 853w\" sizes=\"(max-width: 445px) 100vw, 445px\" \/><figcaption> <strong>Efficaces ensemble, concentr\u00e9s sur l&rsquo;objectif, sans effort apparent<\/strong> <\/figcaption><\/figure>\n\n\n\n<div class=\"wp-block-button\"><a class=\"wp-block-button__link has-background\" href=\"http:\/\/escaim.com\/index.php\/contact\/\" style=\"background-color:#164256\">Contactez-nous!<\/a><\/div>\n","protected":false},"excerpt":{"rendered":"<p>Votre besoin Vous ne disposez pas des comp\u00e9tences pr\u00e9sentes chez Escaim Consulting et avez un projet majeur \u00e0 mener qu&rsquo;il soit financier, juridique ou de transformation? Vous disposez des comp\u00e9tences, mais pas de leur disponibilit\u00e9 pour avancer imm\u00e9diatement ou efficacement? Vous souhaitez un accompagnement respectant des principes d&rsquo;action et des valeurs qui f\u00e9d\u00e9reront vos \u00e9quipes? [&hellip;]<\/p>\n","protected":false},"author":1,"featured_media":0,"parent":0,"menu_order":0,"comment_status":"closed","ping_status":"closed","template":"","meta":[],"_links":{"self":[{"href":"https:\/\/escaim.com\/index.php\/wp-json\/wp\/v2\/pages\/178"}],"collection":[{"href":"https:\/\/escaim.com\/index.php\/wp-json\/wp\/v2\/pages"}],"about":[{"href":"https:\/\/escaim.com\/index.php\/wp-json\/wp\/v2\/types\/page"}],"author":[{"embeddable":true,"href":"https:\/\/escaim.com\/index.php\/wp-json\/wp\/v2\/users\/1"}],"replies":[{"embeddable":true,"href":"https:\/\/escaim.com\/index.php\/wp-json\/wp\/v2\/comments?post=178"}],"version-history":[{"count":16,"href":"https:\/\/escaim.com\/index.php\/wp-json\/wp\/v2\/pages\/178\/revisions"}],"predecessor-version":[{"id":360,"href":"https:\/\/escaim.com\/index.php\/wp-json\/wp\/v2\/pages\/178\/revisions\/360"}],"wp:attachment":[{"href":"https:\/\/escaim.com\/index.php\/wp-json\/wp\/v2\/media?parent=178"}],"curies":[{"name":"wp","href":"https:\/\/api.w.org\/{rel}","templated":true}]}}